{"id":95,"date":"2023-11-08T12:36:30","date_gmt":"2023-11-08T09:36:30","guid":{"rendered":"https:\/\/gdafuar.com.tr\/?page_id=95"},"modified":"2025-03-19T20:04:12","modified_gmt":"2025-03-19T17:04:12","slug":"hakkimizda","status":"publish","type":"page","link":"https:\/\/gdafuar.com.tr\/index.php\/hakkimizda\/","title":{"rendered":"Hakk\u0131m\u0131zda"},"content":{"rendered":"\t\t<div data-elementor-type=\"wp-page\" data-elementor-id=\"95\" class=\"elementor elementor-95\">\n\t\t\t\t\t\t<section class=\"elementor-section elementor-top-section elementor-element elementor-element-554ba6bc elementor-section-full_width elementor-section-stretched elementor-section-height-default elementor-section-height-default\" data-id=\"554ba6bc\" data-element_type=\"section\" data-e-type=\"section\" data-settings=\"{&quot;stretch_section&quot;:&quot;section-stretched&quot;}\">\n\t\t\t\t\t\t<div class=\"elementor-container elementor-column-gap-no\">\n\t\t\t\t\t<div class=\"elementor-column elementor-col-100 elementor-top-column elementor-element elementor-element-5fe5c8ae\" data-id=\"5fe5c8ae\" data-element_type=\"column\" data-e-type=\"column\">\n\t\t\t<div class=\"elementor-widget-wrap elementor-element-populated\">\n\t\t\t\t\t\t<div class=\"elementor-element elementor-element-2e8c9b40 elementor-widget elementor-widget-sina_banner_slider\" data-id=\"2e8c9b40\" data-element_type=\"widget\" data-e-type=\"widget\" data-widget_type=\"sina_banner_slider.default\">\n\t\t\t\t<div class=\"elementor-widget-container\">\n\t\t\t\t\t\t\t<div class=\"sina-banner-slider owl-carousel\"\r\n\t\tdata-autoplay=\"yes\"\r\n\t\tdata-pause=\"yes\"\r\n\t\tdata-nav=\"yes\"\r\n\t\tdata-dots=\"yes\"\r\n\t\tdata-mouse-drag=\"yes\"\r\n\t\tdata-touch-drag=\"yes\"\r\n\t\tdata-loop=\"yes\"\r\n\t\tdata-speed=\"\"\r\n\t\tdata-part-anim=\"yes\"\r\n\t\tdata-delay=\"5000\">\r\n\r\n\t\t\t\t\t\t\t<div class=\"sina-slider-content sina-bg-cover\" style=\"background-image: url(https:\/\/gdafuar.com.tr\/wp-content\/uploads\/2025\/01\/teamwork-human-resources-hr-management-technology-business-vexel-scaled.jpg);\">\r\n\t\t\t\t\t\t\t\t\t\t\t<div class=\"sina-overlay\"><\/div>\r\n\t\t\t\t\t\r\n\t\t\t\t\t<div class=\"sina-banner-container elementor-repeater-item-dc4fb86\">\r\n\r\n\t\t\t\t\t\t\t\t\t\t\t\t\t\t\t\t\t\t\t\t<h1 class=\"sina-banner-title sina-anim-invisible\" data-animation=\"animated zoomIn\">Bu Alanda Hakk\u0131m\u0131zda Visyonumuz Ve Vizyonumuz <\/h1>\t\t\t\t\t\t\r\n\t\t\t\t\t\t\r\n\t\t\t\t\t\t\t\t\t\t\t\t\t<div class=\"sina-banner-desc sina-anim-invisible\" data-animation=\"animated fadeInUp\">Hakk\u0131nda Detayl\u0131 Bilgi Alabilirsiniz Merakk etiklerinizi sorma i\u00e7in T\u0131klay\u0131n\u0131z<\/div>\t\t\t\t\t\t\r\n\t\t\t\t\t\t\t\t\t\t\t\t\t<div class=\"sina-banner-btns sina-anim-invisible\" data-animation=\"animated fadeInUp\">\r\n\t\t\t\t\t\t\t\t\t\t\t\t\t\t\t\t\t<a class=\"sina-banner-pbtn   \"\r\n\t\t\t\t\t\t\t\t\t\t\t\t\t\t\t\t\t\thref=\"#kullanim\"\r\n\t\t\t\t\t\t\t\t\t\t\t\t\t\t\t\t\t\t>\r\n\t\t\t\t\t\t\t\t\t\t\t\tDaha Fazla Bilgi\t\t\t\t\t\t\t\t\t\t\t<\/a>\r\n\t\t\t\t\t\t\t\t\r\n\t\t\t\t\t\t\t\t\t\t\t\t\t\t\t<\/div>\r\n\t\t\t\t\t\t\t\t\t\t\t<\/div>\r\n\t\t\t\t<\/div>\r\n\t\t\t\t\t<\/div><!-- .sina-banner-slider -->\r\n\t\t\t\t\t\t<\/div>\n\t\t\t\t<\/div>\n\t\t\t\t\t<\/div>\n\t\t<\/div>\n\t\t\t\t\t<\/div>\n\t\t<\/section>\n\t\t\t\t<section class=\"elementor-section elementor-top-section elementor-element elementor-element-11574ec5 elementor-section-stretched elementor-section-full_width elementor-section-height-default elementor-section-height-default\" data-id=\"11574ec5\" data-element_type=\"section\" data-e-type=\"section\" data-settings=\"{&quot;background_background&quot;:&quot;classic&quot;,&quot;shape_divider_top&quot;:&quot;waves&quot;,&quot;shape_divider_top_negative&quot;:&quot;yes&quot;,&quot;shape_divider_bottom&quot;:&quot;waves&quot;,&quot;shape_divider_bottom_negative&quot;:&quot;yes&quot;,&quot;stretch_section&quot;:&quot;section-stretched&quot;}\">\n\t\t\t\t\t<div class=\"elementor-shape elementor-shape-top\" aria-hidden=\"true\" data-negative=\"true\">\n\t\t\t<svg xmlns=\"http:\/\/www.w3.org\/2000\/svg\" viewBox=\"0 0 1000 100\" preserveAspectRatio=\"none\">\n\t<path class=\"elementor-shape-fill\" d=\"M790.5,93.1c-59.3-5.3-116.8-18-192.6-50c-29.6-12.7-76.9-31-100.5-35.9c-23.6-4.9-52.6-7.8-75.5-5.3\n\tc-10.2,1.1-22.6,1.4-50.1,7.4c-27.2,6.3-58.2,16.6-79.4,24.7c-41.3,15.9-94.9,21.9-134,22.6C72,58.2,0,25.8,0,25.8V100h1000V65.3\n\tc0,0-51.5,19.4-106.2,25.7C839.5,97,814.1,95.2,790.5,93.1z\"\/>\n<\/svg>\t\t<\/div>\n\t\t\t\t<div class=\"elementor-shape elementor-shape-bottom\" aria-hidden=\"true\" data-negative=\"true\">\n\t\t\t<svg xmlns=\"http:\/\/www.w3.org\/2000\/svg\" viewBox=\"0 0 1000 100\" preserveAspectRatio=\"none\">\n\t<path class=\"elementor-shape-fill\" d=\"M790.5,93.1c-59.3-5.3-116.8-18-192.6-50c-29.6-12.7-76.9-31-100.5-35.9c-23.6-4.9-52.6-7.8-75.5-5.3\n\tc-10.2,1.1-22.6,1.4-50.1,7.4c-27.2,6.3-58.2,16.6-79.4,24.7c-41.3,15.9-94.9,21.9-134,22.6C72,58.2,0,25.8,0,25.8V100h1000V65.3\n\tc0,0-51.5,19.4-106.2,25.7C839.5,97,814.1,95.2,790.5,93.1z\"\/>\n<\/svg>\t\t<\/div>\n\t\t\t\t\t<div class=\"elementor-container elementor-column-gap-no\">\n\t\t\t\t\t<div class=\"elementor-column elementor-col-100 elementor-top-column elementor-element elementor-element-284aac9e\" data-id=\"284aac9e\" data-element_type=\"column\" data-e-type=\"column\">\n\t\t\t<div class=\"elementor-widget-wrap elementor-element-populated\">\n\t\t\t\t\t\t<section class=\"elementor-section elementor-inner-section elementor-element elementor-element-65f2cb13 elementor-section-content-middle elementor-section-full_width elementor-section-height-default elementor-section-height-default\" data-id=\"65f2cb13\" data-element_type=\"section\" data-e-type=\"section\" data-settings=\"{&quot;background_background&quot;:&quot;classic&quot;}\">\n\t\t\t\t\t\t<div class=\"elementor-container elementor-column-gap-default\">\n\t\t\t\t\t<div class=\"elementor-column elementor-col-100 elementor-inner-column elementor-element elementor-element-1151222c\" data-id=\"1151222c\" data-element_type=\"column\" data-e-type=\"column\">\n\t\t\t<div class=\"elementor-widget-wrap elementor-element-populated\">\n\t\t\t\t\t\t<div class=\"elementor-element elementor-element-1402e84 elementor-widget elementor-widget-text-editor\" data-id=\"1402e84\" data-element_type=\"widget\" data-e-type=\"widget\" data-widget_type=\"text-editor.default\">\n\t\t\t\t<div class=\"elementor-widget-container\">\n\t\t\t\t\t\t\t\t\t<h3 data-start=\"0\" data-end=\"20\"><strong data-start=\"4\" data-end=\"18\">Hakk\u0131m\u0131zda<\/strong><\/h3><p data-start=\"22\" data-end=\"290\">GDA Fuar, fuar stand\u0131 tasar\u0131m\u0131 ve uygulama alan\u0131nda uzmanla\u015fm\u0131\u015f, yenilik\u00e7i ve global \u00f6l\u00e7ekte hizmet veren bir firmad\u0131r. Uluslararas\u0131 fuar organizasyonlar\u0131nda markalar\u0131n en iyi \u015fekilde temsil edilmesi i\u00e7in estetik, i\u015flevsel ve dikkat \u00e7ekici stand \u00e7\u00f6z\u00fcmleri sunuyoruz.<\/p><p data-start=\"292\" data-end=\"668\">D\u00fcnya genelindeki i\u015f ortaklar\u0131m\u0131z i\u00e7in \u00f6zel konseptler geli\u015ftiriyor, her m\u00fc\u015fterimizin ihtiya\u00e7lar\u0131na uygun \u00f6zg\u00fcn tasar\u0131mlar olu\u015fturuyoruz. Y\u00fcksek kaliteli malzeme kullan\u0131m\u0131, yarat\u0131c\u0131 tasar\u0131m anlay\u0131\u015f\u0131 ve sorunsuz kurulum hizmetimizle sekt\u00f6rde fark yarat\u0131yoruz. Profesyonel ekibimizle t\u00fcm s\u00fcreci titizlikle y\u00f6netiyor, zaman\u0131nda teslimat ve eksiksiz kurulum garantisi sunuyoruz.<\/p><p data-start=\"670\" data-end=\"946\">GDA Fuar olarak, d\u00fcnyan\u0131n d\u00f6rt bir yan\u0131nda fuar standlar\u0131 tasarl\u0131yor ve hayata ge\u00e7iriyoruz. K\u00fclt\u00fcrel farkl\u0131l\u0131klar\u0131 g\u00f6z \u00f6n\u00fcnde bulundurarak her \u00fclkenin ve sekt\u00f6r\u00fcn dinamiklerine uygun \u00e7\u00f6z\u00fcmler \u00fcretiyor, markalar\u0131n fuar alanlar\u0131nda en iyi \u015fekilde temsil edilmesini sa\u011fl\u0131yoruz.<\/p><hr data-start=\"948\" data-end=\"953\" \/><h3 data-start=\"955\" data-end=\"975\"><strong data-start=\"959\" data-end=\"973\">Vizyonumuz<\/strong><\/h3><p data-start=\"977\" data-end=\"1232\">GDA Fuar olarak hedefimiz, fuar stand\u0131 tasar\u0131m\u0131 ve uygulama hizmetlerinde d\u00fcnya \u00e7ap\u0131nda lider bir marka olmakt\u0131r. Yenilik\u00e7i bak\u0131\u015f a\u00e7\u0131m\u0131z ve uluslararas\u0131 tecr\u00fcbemizle, markalar\u0131n k\u00fcresel pazarda en iyi \u015fekilde temsil edilmesini sa\u011flamak i\u00e7in \u00e7al\u0131\u015f\u0131yoruz.<\/p><p data-start=\"1234\" data-end=\"1612\">Sekt\u00f6rdeki geli\u015fmeleri yak\u0131ndan takip ederek, s\u00fcrd\u00fcr\u00fclebilir ve \u00e7evre dostu malzemelerle modern ve i\u015flevsel standlar tasarl\u0131yoruz. M\u00fc\u015fteri memnuniyetini \u00f6n planda tutarak, her fuar organizasyonunda kreatif ve etkili \u00e7\u00f6z\u00fcmler sunuyoruz. Uluslararas\u0131 \u00f6l\u00e7ekte g\u00fcvenilir, kaliteli ve profesyonel bir hizmet sunarak, global pazarda uzun vadeli i\u015f ortakl\u0131klar\u0131 kurmay\u0131 hedefliyoruz.<\/p><hr data-start=\"1614\" data-end=\"1619\" \/><h3 data-start=\"1621\" data-end=\"1641\"><strong data-start=\"1625\" data-end=\"1639\">Misyonumuz<\/strong><\/h3><p data-start=\"1643\" data-end=\"1952\">GDA Fuar olarak misyonumuz, markalar\u0131n fuar ve etkinliklerde en iyi \u015fekilde \u00f6ne \u00e7\u0131kmas\u0131n\u0131 sa\u011flayacak yenilik\u00e7i, estetik ve i\u015flevsel stand \u00e7\u00f6z\u00fcmleri sunmakt\u0131r. D\u00fcnyan\u0131n her noktas\u0131nda m\u00fc\u015fterilerimize \u00f6zel, dikkat \u00e7ekici ve etkili fuar alanlar\u0131 olu\u015fturarak, ticari ba\u015far\u0131lar\u0131n\u0131 art\u0131rmalar\u0131na katk\u0131 sa\u011fl\u0131yoruz.<\/p><p data-start=\"1954\" data-end=\"2250\">Alan\u0131nda uzman ekibimizle, konsept geli\u015ftirme, tasar\u0131m, \u00fcretim, lojistik ve kurulum s\u00fcre\u00e7lerini titizlikle y\u00f6netiyoruz. Fuar stand\u0131 kurulumunda zaman\u0131nda teslimat, sorunsuz montaj ve eksiksiz hizmet anlay\u0131\u015f\u0131yla \u00e7al\u0131\u015f\u0131yor, her m\u00fc\u015fterimizin beklentilerini en \u00fcst seviyede kar\u015f\u0131lamay\u0131 ama\u00e7l\u0131yoruz.<\/p><p data-start=\"2252\" data-end=\"2400\" data-is-last-node=\"\" data-is-only-node=\"\">GDA Fuar olarak, k\u00fcresel \u00f6l\u00e7ekte g\u00fc\u00e7l\u00fc bir fuar deneyimi ya\u015fatmay\u0131 ve markalar\u0131n uluslararas\u0131 arenada prestij kazanmas\u0131n\u0131 sa\u011flamay\u0131 ilke ediniyoruz.<\/p>\t\t\t\t\t\t\t\t<\/div>\n\t\t\t\t<\/div>\n\t\t\t\t\t<\/div>\n\t\t<\/div>\n\t\t\t\t\t<\/div>\n\t\t<\/section>\n\t\t\t\t\t<\/div>\n\t\t<\/div>\n\t\t\t\t\t<\/div>\n\t\t<\/section>\n\t\t\t\t<\/div>\n\t\t","protected":false},"excerpt":{"rendered":"<p>Bu Alanda Hakk\u0131m\u0131zda Visyonumuz Ve Vizyonumuz Hakk\u0131nda Detayl\u0131 Bilgi Alabilirsiniz Merakk etiklerinizi sorma i\u00e7in T\u0131klay\u0131n\u0131z Daha Fazla Bilgi Hakk\u0131m\u0131zda GDA Fuar, fuar stand\u0131 tasar\u0131m\u0131 ve uygulama alan\u0131nda uzmanla\u015fm\u0131\u015f, yenilik\u00e7i ve global \u00f6l\u00e7ekte hizmet veren bir firmad\u0131r. Uluslararas\u0131 fuar organizasyonlar\u0131nda markalar\u0131n en iyi \u015fekilde temsil edilmesi i\u00e7in estetik, i\u015flevsel ve dikkat \u00e7ekici stand \u00e7\u00f6z\u00fcmleri sunuyoruz. D\u00fcnya&#8230;<\/p>\n","protected":false},"author":1,"featured_media":0,"parent":0,"menu_order":0,"comment_status":"closed","ping_status":"open","template":"","meta":{"_kadence_starter_templates_imported_post":false,"_kad_post_transparent":"","_kad_post_title":"hide","_kad_post_layout":"fullwidth","_kad_post_sidebar_id":"","_kad_post_content_style":"unboxed","_kad_post_vertical_padding":"hide","_kad_post_feature":"hide","_kad_post_feature_position":"","_kad_post_header":false,"_kad_post_footer":false,"_kad_post_classname":"","footnotes":""},"class_list":["post-95","page","type-page","status-publish","hentry"],"_links":{"self":[{"href":"https:\/\/gdafuar.com.tr\/index.php\/wp-json\/wp\/v2\/pages\/95","targetHints":{"allow":["GET"]}}],"collection":[{"href":"https:\/\/gdafuar.com.tr\/index.php\/wp-json\/wp\/v2\/pages"}],"about":[{"href":"https:\/\/gdafuar.com.tr\/index.php\/wp-json\/wp\/v2\/types\/page"}],"author":[{"embeddable":true,"href":"https:\/\/gdafuar.com.tr\/index.php\/wp-json\/wp\/v2\/users\/1"}],"replies":[{"embeddable":true,"href":"https:\/\/gdafuar.com.tr\/index.php\/wp-json\/wp\/v2\/comments?post=95"}],"version-history":[{"count":34,"href":"https:\/\/gdafuar.com.tr\/index.php\/wp-json\/wp\/v2\/pages\/95\/revisions"}],"predecessor-version":[{"id":788,"href":"https:\/\/gdafuar.com.tr\/index.php\/wp-json\/wp\/v2\/pages\/95\/revisions\/788"}],"wp:attachment":[{"href":"https:\/\/gdafuar.com.tr\/index.php\/wp-json\/wp\/v2\/media?parent=95"}],"curies":[{"name":"wp","href":"https:\/\/api.w.org\/{rel}","templated":true}]}}